{"id":9053,"date":"2022-02-24T08:58:46","date_gmt":"2022-02-24T08:58:46","guid":{"rendered":"https:\/\/pezwanda.com\/avis-juridique\/"},"modified":"2023-01-19T16:22:11","modified_gmt":"2023-01-19T16:22:11","slug":"avis-juridique","status":"publish","type":"page","link":"https:\/\/pezwanda.com\/fr\/avis-juridique\/","title":{"rendered":"AVIS L\u00c9GAL"},"content":{"rendered":"\n<h3 class=\"wp-block-heading\">1.- Soci\u00e9t\u00e9 propri\u00e9taire de ce site web<\/h3>\n\n<p>Ce site web www.pezwanda.com est la propri\u00e9t\u00e9 de GUVERE SERVICIOS DE RESTAURACI\u00d3N S.L., situ\u00e9 \u00e0 Plaza de la Marina, 2, 7\u00ba izda. avec le num\u00e9ro d&rsquo;identification fiscale B02871317, inscrit au registre du commerce de Madrid.<\/p>\n\n<h3 class=\"wp-block-heading\">Questions g\u00e9n\u00e9rales.<\/h3>\n\n<p>L&rsquo;acc\u00e8s \u00e0 www.pezwanda.com est soumis \u00e0 la lecture du pr\u00e9sent r\u00e8glement d&rsquo;acc\u00e8s et d&rsquo;utilisation et des autres mentions l\u00e9gales et avis contenus dans ce site web.<\/p>\n\n<p>Un utilisateur de www.pezwanda.com est toute personne qui acc\u00e8de au contenu de www.pezwanda.com.<\/p>\n\n<p>L&rsquo;acc\u00e8s \u00e0 ce site web et son utilisation ult\u00e9rieure par l&rsquo;utilisateur impliquent son accord expr\u00e8s, complet et sans r\u00e9serve avec l&rsquo;ensemble de son contenu. Si l&rsquo;utilisateur n&rsquo;est pas d&rsquo;accord avec le contenu des pr\u00e9sentes conditions de navigation et d&rsquo;utilisation, il doit quitter www.pezwanda.com.<\/p>\n\n<p>L&rsquo;acc\u00e8s \u00e0 www.pezwanda.com est gratuit et la consultation ne n\u00e9cessite pas d&rsquo;abonnement ou d&rsquo;enregistrement pr\u00e9alable.<\/p>\n\n<p>Le pr\u00e9sent avis juridique est contraignant pour tout utilisateur du site www.pezwanda.com. Toute utilisation de www.pezwanda.com non soumise aux dispositions du pr\u00e9sent r\u00e8glement d&rsquo;acc\u00e8s et d&rsquo;utilisation est express\u00e9ment interdite, r\u00e9servant GUVERE SERVICIOS DE RESTAURACI\u00d3N S.L.. toutes les actions l\u00e9gales qui, le cas \u00e9ch\u00e9ant, peuvent l&rsquo;aider \u00e0 purger les responsabilit\u00e9s correspondantes qui ont pu na\u00eetre de l&rsquo;utilisation non conforme \u00e0 ce R\u00e8glement.<\/p>\n\n<p><\/p>\n\n<p><\/p>\n\n<h3 class=\"wp-block-heading\">3.- Droits et obligations de www.pezwanda.com .<\/h3>\n\n<p>L&rsquo;utilisation que les utilisateurs peuvent faire des informations qui leur sont fournies par le biais de www.pezwanda.com se fait aux risques et p\u00e9rils de l&rsquo;utilisateur. GUVERE SERVICIOS DE RESTAURACI\u00d3N S.L.. ne garantit pas l&rsquo;actualit\u00e9 ou la pertinence des informations fournies pour l&rsquo;usage des utilisateurs ou de toute autre personne.<\/p>\n\n<p>GUVERE SERVICIOS DE RESTAURACI\u00d3N S.L. pourra modifier unilat\u00e9ralement et \u00e0 tout moment la configuration et\/ou le contenu de www.pezwanda.com et de son r\u00e8glement, en essayant d&rsquo;informer l&rsquo;utilisateur de ce changement \u00e0 travers son annonce sur www.pezwanda.com.<\/p>\n\n<p>En cas de r\u00e9alisation d&rsquo;op\u00e9rations de maintenance, de r\u00e9paration, de mise \u00e0 jour ou d&rsquo;am\u00e9lioration de www.pezwanda.com, GUVERE SERVICIOS DE RESTAURACI\u00d3N S.L. pourra suspendre temporairement et sans pr\u00e9avis l&rsquo;acc\u00e8s \u00e0 www.pezwanda.com, sans pr\u00e9judice de quoi elle essaiera d&rsquo;en informer les utilisateurs, pour autant que les circonstances le permettent.<\/p>\n\n<h3 class=\"wp-block-heading\">4.- Droits et obligations de l&rsquo;utilisateur.<\/h3>\n\n<p>\u00c0 tout moment, l&rsquo;utilisateur devra faire un usage licite de www.pezwanda.com conform\u00e9ment \u00e0 la l\u00e9gislation en vigueur, en respectant les droits de propri\u00e9t\u00e9 intellectuelle et industrielle de GUVERE SERVICIOS DE RESTAURACI\u00d3N S.L. et\/ou de tiers.<br\/>L&rsquo;utilisateur ne r\u00e9alisera aucune action susceptible d&rsquo;endommager ou d&rsquo;alt\u00e9rer les contenus, d&rsquo;entraver le bon fonctionnement de www.pezwanda.com, de causer des probl\u00e8mes techniques de quelque nature que ce soit, de transf\u00e9rer des \u00e9l\u00e9ments susceptibles de v\u00e9hiculer des virus informatiques ou d&rsquo;endommager, d&rsquo;interf\u00e9rer ou d&rsquo;intercepter tout ou partie de www.pezwanda.com.<\/p>\n\n<p>GUVERE SERVICIOS DE RESTAURACI\u00d3N S.L. se r\u00e9serve le droit d&rsquo;exercer toutes les actions qui, le cas \u00e9ch\u00e9ant, pourraient l&rsquo;aider \u00e0 poursuivre les utilisations de www.pezwanda.com contraires \u00e0 la r\u00e9glementation en vigueur et \/ ou causer des dommages et \/ ou des dommages \u00e0 GUVERE SERVICIOS DE RESTAURACI\u00d3N S.L. et \/ ou ses employ\u00e9s et \/ ou des tiers.<\/p>\n\n<h3 class=\"wp-block-heading\">5.- Garanties et responsabilit\u00e9 du fonctionnement de www.pezwanda.com.<\/h3>\n\n<p>GUVERE SERVICIOS DE RESTAURACI\u00d3N S.L. ne garantit pas la disponibilit\u00e9 et la continuit\u00e9 du fonctionnement de www.pezwanda.com et de ses services. Dans tous les cas, GUVERE SERVICIOS DE RESTAURACI\u00d3N S.L. fera ses meilleurs efforts pour maintenir la disponibilit\u00e9 continue de www.pezwanda.com.<\/p>\n\n<p>GUVERE SERVICIOS DE RESTAURACI\u00d3N S.L. ne contr\u00f4le ni ne garantit l&rsquo;absence de virus ou d&rsquo;autres \u00e9l\u00e9ments dans les contenus de www.pezwanda.com qui peuvent provoquer des alt\u00e9rations dans le syst\u00e8me informatique (logiciel et mat\u00e9riel) de l&rsquo;utilisateur ou dans les documents et fichiers \u00e9lectroniques stock\u00e9s dans son syst\u00e8me informatique. GUVERE SERVICIOS DE RESTAURACI\u00d3N S.L. d\u00e9cline toute responsabilit\u00e9 pour les dommages de toute nature qui peuvent \u00eatre dus \u00e0 la pr\u00e9sence de virus dans le contenu qui peuvent provoquer des alt\u00e9rations dans le syst\u00e8me informatique, les documents \u00e9lectroniques, les fichiers, etc.<\/p>\n\n<p>GUVERE SERVICIOS DE RESTAURACI\u00d3N S.L. n&rsquo;a aucune obligation et ne contr\u00f4le pas l&rsquo;usage que les utilisateurs font de www.pezwanda.com. L&rsquo;utilisateur accepte que www.pezwanda.com a \u00e9t\u00e9 cr\u00e9\u00e9 et d\u00e9velopp\u00e9 de bonne foi par GUVERE SERVICIOS DE RESTAURACI\u00d3N S.L. avec des informations provenant de sources internes et externes et qu&rsquo;il l&rsquo;offre aux utilisateurs dans son \u00e9tat actuel, et qu&rsquo;il peut contenir des inexactitudes ou des erreurs. Par cons\u00e9quent, GUVERE SERVICIOS DE RESTAURACI\u00d3N S.L. n&rsquo;est pas responsable du manque d&rsquo;utilit\u00e9 ou des fausses attentes que www.belugamalaga.es pourrait produire chez l&rsquo;utilisateur lors de la navigation sur www.pezwanda.com.<\/p>\n\n<h3 class=\"wp-block-heading\">6.- La propri\u00e9t\u00e9 intellectuelle.<\/h3>\n\n<p>Tous les droits de propri\u00e9t\u00e9 intellectuelle sur la conception et le contenu de www.pezwanda.com appartiennent \u00e0 GUVERE SERVICIOS DE RESTAURACI\u00d3N S.L.<\/p>\n\n<p>Les marques, logos et autres signes distinctifs reproduits sur www.pezwanda.com sont la propri\u00e9t\u00e9 de GUVERE SERVICIOS DE RESTAURACI\u00d3N S.L. ou sont autoris\u00e9s \u00e0 les inclure sur www.pezwanda.com. L&rsquo;utilisateur est uniquement autoris\u00e9 \u00e0 consulter et \u00e0 t\u00e9l\u00e9charger pour un usage personnel et non commercial et ne peut pas copier, modifier, distribuer, transmettre, reproduire, publier, transf\u00e9rer, vendre l&rsquo;un des \u00e9l\u00e9ments ci-dessus ou cr\u00e9er de nouveaux produits ou services d\u00e9riv\u00e9s des informations obtenues.<\/p>\n\n<p>  GUVERE SERVICIOS DE RESTAURACI\u00d3N S.L. poursuivra toute atteinte \u00e0 ses droits de propri\u00e9t\u00e9 intellectuelle et industrielle et, \u00e0 cet effet, se r\u00e9serve le droit d&rsquo;exercer toutes les actions l\u00e9gales qui peuvent correspondre, y compris les actions de compensation, pour purger les responsabilit\u00e9s dans lesquelles le contrevenant s&rsquo;est engag\u00e9.<\/p>\n\n<h3 class=\"wp-block-heading\">7.- Politique de confidentialit\u00e9.<\/h3>\n\n<p>L&rsquo;information sur le respect de la r\u00e9glementation sur la protection des donn\u00e9es personnelles par GUVERE SERVICIOS DE RESTAURACI\u00d3N S.L. est d\u00e9taill\u00e9e dans notre politique de confidentialit\u00e9.<\/p>\n\n<h3 class=\"wp-block-heading\">8.- Liens hypertextes.<\/h3>\n\n<p>Aucun lien ne peut \u00eatre \u00e9tabli vers www.pezwanda.com \u00e0 partir d&rsquo;un autre site web sans le consentement pr\u00e9alable expr\u00e8s de GUVERE SERVICIOS DE RESTAURACI\u00d3N S.L. Dans le cas o\u00f9 www.pezwanda.com contiendrait des liens vers d&rsquo;autres portails ou sites web non g\u00e9r\u00e9s par GUVERE SERVICIOS DE RESTAURACI\u00d3N S.L., cette soci\u00e9t\u00e9 d\u00e9clare qu&rsquo;elle n&rsquo;a aucun contr\u00f4le sur ces portails ou sites web et qu&rsquo;elle n&rsquo;est pas responsable de leur contenu. Les liens inclus par GUVERE SERVICIOS DE RESTAURACI\u00d3N S.L.. sur www.pezwanda.com sont propos\u00e9s uniquement \u00e0 titre de r\u00e9f\u00e9rences informatives, sans aucun type d&rsquo;\u00e9valuation ou de responsabilit\u00e9 quant aux contenus, propri\u00e9taires, services ou produits qui y sont propos\u00e9s. En aucun cas, GUVERE SERVICIOS DE RESTAURACI\u00d3N S.L. ne sera responsable des dommages caus\u00e9s par des services fournis par des tiers.<\/p>\n\n<h3 class=\"wp-block-heading\">9.- Droit applicable et juridiction.<\/h3>\n\n<p>Les pr\u00e9sentes r\u00e8gles d&rsquo;utilisation et de navigation sont r\u00e9gies par la l\u00e9gislation espagnole. Pour tout litige d\u00e9coulant de l&rsquo;existence ou du contenu du pr\u00e9sent r\u00e8glement ou de la relation entre l&rsquo;utilisateur et GUVERE SERVICIOS DE RESTAURACI\u00d3N S.L., les deux parties, renon\u00e7ant express\u00e9ment \u00e0 toute autre juridiction qui pourrait s&rsquo;appliquer, se soumettent \u00e0 la juridiction exclusive et \u00e0 la comp\u00e9tence des Cours et Tribunaux de Malaga.<\/p>\n","protected":false},"excerpt":{"rendered":"<p>1.- Soci\u00e9t\u00e9 propri\u00e9taire de ce site web Ce site web www.pezwanda.com est la propri\u00e9t\u00e9 de GUVERE SERVICIOS DE RESTAURACI\u00d3N S.L., situ\u00e9 \u00e0 Plaza de la Marina, 2, 7\u00ba izda. avec le num\u00e9ro d&rsquo;identification fiscale B02871317, inscrit au registre du commerce de Madrid. Questions g\u00e9n\u00e9rales. L&rsquo;acc\u00e8s \u00e0 www.pezwanda.com est soumis \u00e0 la lecture du pr\u00e9sent r\u00e8glement d&rsquo;acc\u00e8s et d&rsquo;utilisation et des [&hellip;]<\/p>\n","protected":false},"author":1,"featured_media":0,"parent":0,"menu_order":0,"comment_status":"closed","ping_status":"open","template":"","meta":{"footnotes":""},"class_list":["post-9053","page","type-page","status-publish","hentry"],"_links":{"self":[{"href":"https:\/\/pezwanda.com\/fr\/wp-json\/wp\/v2\/pages\/9053","targetHints":{"allow":["GET"]}}],"collection":[{"href":"https:\/\/pezwanda.com\/fr\/wp-json\/wp\/v2\/pages"}],"about":[{"href":"https:\/\/pezwanda.com\/fr\/wp-json\/wp\/v2\/types\/page"}],"author":[{"embeddable":true,"href":"https:\/\/pezwanda.com\/fr\/wp-json\/wp\/v2\/users\/1"}],"replies":[{"embeddable":true,"href":"https:\/\/pezwanda.com\/fr\/wp-json\/wp\/v2\/comments?post=9053"}],"version-history":[{"count":2,"href":"https:\/\/pezwanda.com\/fr\/wp-json\/wp\/v2\/pages\/9053\/revisions"}],"predecessor-version":[{"id":9064,"href":"https:\/\/pezwanda.com\/fr\/wp-json\/wp\/v2\/pages\/9053\/revisions\/9064"}],"wp:attachment":[{"href":"https:\/\/pezwanda.com\/fr\/wp-json\/wp\/v2\/media?parent=9053"}],"curies":[{"name":"wp","href":"https:\/\/api.w.org\/{rel}","templated":true}]}}