{"id":9051,"date":"2022-07-26T09:53:06","date_gmt":"2022-07-26T09:53:06","guid":{"rendered":"https:\/\/pezwanda.com\/politique-en-matiere-de-cookies\/"},"modified":"2023-01-19T16:22:10","modified_gmt":"2023-01-19T16:22:10","slug":"politique-en-matiere-de-cookies","status":"publish","type":"page","link":"https:\/\/pezwanda.com\/fr\/politique-en-matiere-de-cookies\/","title":{"rendered":"Politique en mati\u00e8re de cookies"},"content":{"rendered":"\n<h3 class=\"wp-block-heading\">1.- \u00c0 PROPOS DE LA POLITIQUE EN MATI\u00c8RE DE COOKIES<\/h3>\n\n<p>La pr\u00e9sente politique en mati\u00e8re de cookies explique ce que sont les cookies et comment nous les utilisons, les types de cookies que nous utilisons, c&rsquo;est-\u00e0-dire les informations que nous recueillons \u00e0 l&rsquo;aide des cookies et comment ces informations sont utilis\u00e9es, et comment contr\u00f4ler les pr\u00e9f\u00e9rences en mati\u00e8re de cookies. Pour plus d&rsquo;informations sur la mani\u00e8re dont nous utilisons, stockons et s\u00e9curisons vos donn\u00e9es personnelles, veuillez consulter notre politique de confidentialit\u00e9.<\/p>\n\n<p>Vous pouvez modifier ou retirer votre consentement \u00e0 la d\u00e9claration sur les cookies sur notre site web \u00e0 tout moment.<br\/>Pour en savoir plus sur qui nous sommes, comment vous pouvez nous contacter et comment nous traitons les donn\u00e9es personnelles, consultez notre politique de confidentialit\u00e9.<br\/>Votre consentement s&rsquo;applique aux domaines suivants : pezwanda.com<\/p>\n\n<p>Votre statut actuel : Consentement accept\u00e9.  <a>G\u00e9rez votre consentement.<\/a><\/p>\n\n<h3 class=\"wp-block-heading\">2.- QUE SONT LES COOKIES ?<\/h3>\n\n<p>Les cookies sont de petits fichiers texte utilis\u00e9s pour stocker de petits \u00e9l\u00e9ments d&rsquo;information. Ils sont stock\u00e9s sur votre appareil lorsque le site web se charge dans votre navigateur. Ces cookies nous aident \u00e0 faire fonctionner le site web correctement, \u00e0 le rendre plus s\u00fbr, \u00e0 fournir une meilleure exp\u00e9rience utilisateur et \u00e0 comprendre comment le site web fonctionne et \u00e0 analyser ce qui fonctionne et ce qui doit \u00eatre am\u00e9lior\u00e9.<\/p>\n\n<p><\/p>\n\n<h3 class=\"wp-block-heading\">3.- COMMENT UTILISONS-NOUS LES COOKIES ?<\/h3>\n\n<p>Comme la plupart des services en ligne, notre site web utilise des cookies propres et de tiers \u00e0 des fins diverses. Les cookies de premi\u00e8re partie sont essentiellement n\u00e9cessaires au bon fonctionnement du site web et ne recueillent aucune de vos informations personnelles identifiables.<\/p>\n\n<p>Les cookies tiers utilis\u00e9s sur notre site web servent principalement \u00e0 comprendre comment le site web fonctionne, comment vous interagissez avec notre site web, \u00e0 assurer la s\u00e9curit\u00e9 de nos services, \u00e0 fournir des publicit\u00e9s pertinentes pour vous et, d&rsquo;une mani\u00e8re g\u00e9n\u00e9rale, \u00e0 vous offrir une exp\u00e9rience utilisateur meilleure et am\u00e9lior\u00e9e. et contribuer \u00e0 acc\u00e9l\u00e9rer vos futures interactions avec notre site web.<\/p>\n\n<h3 class=\"wp-block-heading\">4.- QUELS TYPES DE COOKIES UTILISONS-NOUS ?<\/h3>\n\n<p>Essentiels : certains cookies sont essentiels pour que vous puissiez b\u00e9n\u00e9ficier de toutes les fonctionnalit\u00e9s de notre site. Ils nous permettent de maintenir les sessions des utilisateurs et de pr\u00e9venir toute menace pour la s\u00e9curit\u00e9. Ils ne collectent ni ne stockent aucune information personnelle. Par exemple, ces cookies vous permettent de vous connecter \u00e0 votre compte, d&rsquo;ajouter des produits \u00e0 votre panier et de r\u00e9gler vos achats en toute s\u00e9curit\u00e9.<\/p>\n\n<p>Statistiques : ces cookies stockent des informations telles que le nombre de visiteurs du site web, le nombre de visiteurs uniques, les pages du site web qui ont \u00e9t\u00e9 visit\u00e9es, la source de la visite, etc. Ces donn\u00e9es nous aident \u00e0 comprendre et \u00e0 analyser les performances du site web. et o\u00f9 il doit s&rsquo;am\u00e9liorer.<\/p>\n\n<p>Marketing : notre site web affiche des publicit\u00e9s. Ces cookies sont utilis\u00e9s pour personnaliser les publicit\u00e9s que nous vous montrons afin qu&rsquo;elles soient significatives pour vous. Ces cookies nous aident \u00e9galement \u00e0 suivre l&rsquo;efficacit\u00e9 de ces campagnes publicitaires. Les informations stock\u00e9es dans ces cookies peuvent \u00e9galement \u00eatre utilis\u00e9es par des fournisseurs de publicit\u00e9 tiers pour vous montrer des publicit\u00e9s sur d&rsquo;autres sites web dans votre navigateur \u00e9galement.<\/p>\n\n<p>Fonctionnels : il s&rsquo;agit de cookies qui prennent en charge certaines fonctionnalit\u00e9s non essentielles de notre site web. Ces fonctionnalit\u00e9s comprennent l&rsquo;int\u00e9gration de contenus tels que des vid\u00e9os ou le partage de contenus de sites web sur des plateformes de m\u00e9dias sociaux.<\/p>\n\n<p>Pr\u00e9f\u00e9rences : ces cookies nous aident \u00e0 stocker vos param\u00e8tres et pr\u00e9f\u00e9rences de navigation, tels que les pr\u00e9f\u00e9rences linguistiques, afin de vous offrir une exp\u00e9rience meilleure et plus efficace lors de vos prochaines visites sur le site web.<\/p>\n\n<p>La liste suivante d\u00e9taille les cookies utilis\u00e9s sur notre site web.<\/p>\n\n<figure class=\"wp-block-table\"><table><thead><tr><th>COOKIE<\/th><th>DESCRIPTION<\/th><\/tr><\/thead><tbody><tr><td>cookielawinfo-checkbox-analytics<\/td><td>Ce cookie est d\u00e9fini par le plugin GDPR Cookie Consent. Ce cookie est utilis\u00e9 pour stocker le consentement de l&rsquo;utilisateur pour les cookies de la cat\u00e9gorie \u00ab\u00a0Analytics\u00a0\u00bb.<\/td><\/tr><tr><td>cookielawinfo-checkbox-fonctionnel<\/td><td>Le cookie est d\u00e9fini par le consentement aux cookies GDPR pour enregistrer le consentement de l&rsquo;utilisateur pour les cookies de la cat\u00e9gorie \u00ab\u00a0Fonctionnel\u00a0\u00bb.<\/td><\/tr><tr><td>cookielawinfo-checkbox-necessary<\/td><td>Ce cookie est d\u00e9fini par le plugin GDPR Cookie Consent. Les cookies sont utilis\u00e9s pour stocker le consentement de l&rsquo;utilisateur pour les cookies de la cat\u00e9gorie \u00ab\u00a0N\u00e9cessaire\u00a0\u00bb.<\/td><\/tr><tr><td>cookielawinfo-checkbox-others<\/td><td>Ce cookie est d\u00e9fini par le plugin GDPR Cookie Consent. Ce cookie est utilis\u00e9 pour stocker le consentement de l&rsquo;utilisateur pour les cookies de la cat\u00e9gorie \u00a0\u00bb Autre \u00ab\u00a0.<\/td><\/tr><tr><td>cookielawinfo-checkbox-performance<\/td><td>Ce cookie est d\u00e9fini par le plugin GDPR Cookie Consent. Ce cookie est utilis\u00e9 pour stocker le consentement de l&rsquo;utilisateur pour les cookies de la cat\u00e9gorie \u00ab\u00a0Performance\u00a0\u00bb.<\/td><\/tr><tr><td>politique_cookie_visible<\/td><td>Le cookie est d\u00e9fini par le plugin GDPR Cookie Consent et est utilis\u00e9 pour stocker si l&rsquo;utilisateur a consenti ou non \u00e0 l&rsquo;utilisation de cookies. Il ne stocke pas de donn\u00e9es personnelles.<\/td><\/tr><\/tbody><\/table><\/figure>\n<h3 class=\"wp-block-heading\">5.- COMMENT PUIS-JE CONTR\u00d4LER MES PR\u00c9F\u00c9RENCES EN MATI\u00c8RE DE COOKIES ?<\/h3>\n\n<p>Si vous d\u00e9cidez de modifier vos pr\u00e9f\u00e9rences plus tard au cours de votre session de navigation, vous pouvez cliquer sur l&rsquo;onglet \u00ab\u00a0Politique en mati\u00e8re de confidentialit\u00e9 et de cookies\u00a0\u00bb sur votre \u00e9cran. L&rsquo;avis de consentement s&rsquo;affichera \u00e0 nouveau, ce qui vous permettra de modifier vos pr\u00e9f\u00e9rences ou de retirer compl\u00e8tement votre consentement.<\/p>\n\n<p>En outre, les diff\u00e9rents navigateurs offrent diff\u00e9rentes m\u00e9thodes pour bloquer et supprimer les cookies utilis\u00e9s par les sites web. Vous pouvez modifier les param\u00e8tres de votre navigateur pour bloquer\/supprimer les cookies. Pour plus d&rsquo;informations sur la mani\u00e8re de g\u00e9rer et de supprimer les cookies, consultez le site wikipedia.org, www.allaboutcookies.org.<\/p>\n","protected":false},"excerpt":{"rendered":"<p>1.- \u00c0 PROPOS DE LA POLITIQUE EN MATI\u00c8RE DE COOKIES La pr\u00e9sente politique en mati\u00e8re de cookies explique ce que sont les cookies et comment nous les utilisons, les types de cookies que nous utilisons, c&rsquo;est-\u00e0-dire les informations que nous recueillons \u00e0 l&rsquo;aide des cookies et comment ces informations sont utilis\u00e9es, et comment contr\u00f4ler les pr\u00e9f\u00e9rences en mati\u00e8re de cookies. [&hellip;]<\/p>\n","protected":false},"author":1,"featured_media":0,"parent":0,"menu_order":0,"comment_status":"closed","ping_status":"open","template":"","meta":{"footnotes":""},"class_list":["post-9051","page","type-page","status-publish","hentry"],"_links":{"self":[{"href":"https:\/\/pezwanda.com\/fr\/wp-json\/wp\/v2\/pages\/9051","targetHints":{"allow":["GET"]}}],"collection":[{"href":"https:\/\/pezwanda.com\/fr\/wp-json\/wp\/v2\/pages"}],"about":[{"href":"https:\/\/pezwanda.com\/fr\/wp-json\/wp\/v2\/types\/page"}],"author":[{"embeddable":true,"href":"https:\/\/pezwanda.com\/fr\/wp-json\/wp\/v2\/users\/1"}],"replies":[{"embeddable":true,"href":"https:\/\/pezwanda.com\/fr\/wp-json\/wp\/v2\/comments?post=9051"}],"version-history":[{"count":2,"href":"https:\/\/pezwanda.com\/fr\/wp-json\/wp\/v2\/pages\/9051\/revisions"}],"predecessor-version":[{"id":9062,"href":"https:\/\/pezwanda.com\/fr\/wp-json\/wp\/v2\/pages\/9051\/revisions\/9062"}],"wp:attachment":[{"href":"https:\/\/pezwanda.com\/fr\/wp-json\/wp\/v2\/media?parent=9051"}],"curies":[{"name":"wp","href":"https:\/\/api.w.org\/{rel}","templated":true}]}}